{"id":1163,"date":"2023-08-13T10:41:40","date_gmt":"2023-08-13T10:41:40","guid":{"rendered":"https:\/\/casasebagos.pt\/?page_id=1163"},"modified":"2026-01-28T19:57:34","modified_gmt":"2026-01-28T19:57:34","slug":"politica-de-privacidade-fr","status":"publish","type":"page","link":"https:\/\/casasebagos.pt\/index.php\/fr\/politica-de-privacidade-fr\/","title":{"rendered":"Politique de confidentialit\u00e9"},"content":{"rendered":"\n<div style=\"height:100px\" aria-hidden=\"true\" class=\"wp-block-spacer\"><\/div>\n\n\n\n<div class=\"wp-block-group\"><div class=\"wp-block-group__inner-container is-layout-constrained wp-block-group-is-layout-constrained\">\n<h2 class=\"wp-block-heading\">POLITIQUE DE CONFIDENTIALIT\u00c9<\/h2>\n\n\n\n<p class=\"has-neve-link-hover-color-color has-text-color has-link-color has-small-font-size wp-elements-4ad6618b35beb4a54e83a93aaac02e2f\">La pr\u00e9sente Politique de confidentialit\u00e9 a \u00e9t\u00e9 mise \u00e0 jour pour la derni\u00e8re fois le 27\/01\/2026.<\/p>\n\n\n\n<p>La pr\u00e9sente Politique de confidentialit\u00e9 d\u00e9crit la mani\u00e8re dont Casas &amp; Bagos, Lda collecte, utilise et prot\u00e8ge les donn\u00e9es personnelles des utilisateurs de son site internet et de sa boutique en ligne, conform\u00e9ment au R\u00e8glement G\u00e9n\u00e9ral sur la Protection des Donn\u00e9es (RGPD).<\/p>\n\n\n\n<h3 class=\"wp-block-heading\">1. Responsable du traitement des donn\u00e9es<\/h3>\n\n\n\n<p>Casas &amp; Bagos, Lda<br>CM1100, Quinta Vale de Lobos<br>5110-204 Folgosa (Armamar)<br>Num\u00e9ro d\u2019identification fiscale (NIF) : 516608126<br>T\u00e9l\u00e9phone : +351 254 101 653<br>Mobile \/ WhatsApp : +351 930 680 800<br>Email : info@casasebagos.pt<\/p>\n\n\n\n<h3 class=\"wp-block-heading\">2. Donn\u00e9es personnelles collect\u00e9es<\/h3>\n\n\n\n<p>Casas &amp; Bagos, Lda peut collecter les donn\u00e9es personnelles suivantes :<\/p>\n\n\n\n<ul class=\"wp-block-list\">\n<li>Nom<\/li>\n\n\n\n<li>Adresse e-mail<\/li>\n\n\n\n<li>Adresse de facturation et de livraison<\/li>\n\n\n\n<li>Contact t\u00e9l\u00e9phonique<\/li>\n\n\n\n<li>Donn\u00e9es de paiement (trait\u00e9es par des entit\u00e9s externes certifi\u00e9es)<\/li>\n\n\n\n<li>Donn\u00e9es de navigation sur le site (cookies)<\/li>\n<\/ul>\n\n\n\n<p>Les donn\u00e9es sont collect\u00e9es lors de la cr\u00e9ation de commandes, via des formulaires de contact ou lors de l\u2019abonnement aux communications.<\/p>\n\n\n\n<h3 class=\"wp-block-heading\">3. Finalit\u00e9s du traitement<\/h3>\n\n\n\n<p>Les donn\u00e9es personnelles sont trait\u00e9es aux fins suivantes :<\/p>\n\n\n\n<ul class=\"wp-block-list\">\n<li>Traitement et gestion des commandes<\/li>\n\n\n\n<li>Communication avec le client concernant les commandes ou les demandes d\u2019information<\/li>\n\n\n\n<li>Respect des obligations l\u00e9gales et fiscales<\/li>\n\n\n\n<li>Am\u00e9lioration de l\u2019exp\u00e9rience de navigation sur le site<\/li>\n<\/ul>\n\n\n\n<h3 class=\"wp-block-heading\">4. Conservation des donn\u00e9es<\/h3>\n\n\n\n<p>Les donn\u00e9es personnelles sont conserv\u00e9es uniquement pendant la dur\u00e9e n\u00e9cessaire \u00e0 la r\u00e9alisation des finalit\u00e9s pour lesquelles elles ont \u00e9t\u00e9 collect\u00e9es, dans le respect des d\u00e9lais l\u00e9gaux applicables.<\/p>\n\n\n\n<h3 class=\"wp-block-heading\">5. Partage des donn\u00e9es avec des tiers<\/h3>\n\n\n\n<p>Casas &amp; Bagos, Lda peut partager des donn\u00e9es personnelles avec des tiers uniquement lorsque cela est n\u00e9cessaire \u00e0 l\u2019ex\u00e9cution du service, notamment les transporteurs, les plateformes de paiement et les prestataires techniques, en garantissant toujours le respect du RGPD.<\/p>\n\n\n\n<h3 class=\"wp-block-heading\">6. Droits des personnes concern\u00e9es<\/h3>\n\n\n\n<p>L\u2019utilisateur dispose du droit de :<\/p>\n\n\n\n<ul class=\"wp-block-list\">\n<li>Acc\u00e9der \u00e0 ses donn\u00e9es personnelles<\/li>\n\n\n\n<li>Demander la rectification ou la suppression des donn\u00e9es<\/li>\n\n\n\n<li>S\u2019opposer au traitement ou en demander la limitation<\/li>\n\n\n\n<li>Demander la portabilit\u00e9 des donn\u00e9es<\/li>\n<\/ul>\n\n\n\n<p>Les demandes doivent \u00eatre adress\u00e9es \u00e0 : info@casasebagos.pt<\/p>\n\n\n\n<h3 class=\"wp-block-heading\">7. S\u00e9curit\u00e9 des donn\u00e9es<\/h3>\n\n\n\n<p>Casas &amp; Bagos, Lda met en \u0153uvre des mesures techniques et organisationnelles appropri\u00e9es afin de prot\u00e9ger les donn\u00e9es personnelles contre la perte, l\u2019utilisation abusive ou l\u2019acc\u00e8s non autoris\u00e9.<\/p>\n\n\n\n<h3 class=\"wp-block-heading\">8. Mise \u00e0 jour de la Politique de confidentialit\u00e9<\/h3>\n\n\n\n<p>Nous pouvons mettre \u00e0 jour la pr\u00e9sente Politique de confidentialit\u00e9 p\u00e9riodiquement. La version en vigueur sera toujours celle publi\u00e9e sur le site, avec indication de la date de la derni\u00e8re mise \u00e0 jour.<br>L\u2019utilisation continue du site apr\u00e8s la publication de modifications sera consid\u00e9r\u00e9e comme une acceptation des nouveaux termes.<\/p>\n\n\n\n<h3 class=\"wp-block-heading\">9. Informations de contact<\/h3>\n\n\n\n<p>Ce site appartient \u00e0 et est exploit\u00e9 par Casas &amp; Bagos, Lda.<\/p>\n\n\n\n<p>Pour toute question relative aux commandes, aux r\u00e9servations ou \u00e0 la pr\u00e9sente Politique de confidentialit\u00e9, le client peut contacter Casas &amp; Bagos, Lda par les moyens suivants :<\/p>\n\n\n\n<p>CM1100, Quinta Vale de Lobos<br>5110-204 Folgosa (Armamar)<\/p>\n\n\n\n<p>T\u00e9l\u00e9phone : +351 254 101 653<br>Mobile \/ WhatsApp : +351 930 680 800<\/p>\n\n\n\n<p>Email : info@casasebagos.pt<\/p>\n<\/div><\/div>\n\n\n\n<div style=\"height:100px\" aria-hidden=\"true\" class=\"wp-block-spacer\"><\/div>\n","protected":false},"excerpt":{"rendered":"<p>POLITIQUE DE CONFIDENTIALIT\u00c9 La pr\u00e9sente Politique de confidentialit\u00e9 a \u00e9t\u00e9 mise \u00e0 jour pour la derni\u00e8re fois le 27\/01\/2026. La pr\u00e9sente Politique de confidentialit\u00e9 d\u00e9crit la mani\u00e8re dont Casas &amp; Bagos, Lda collecte, utilise et prot\u00e8ge les donn\u00e9es personnelles des utilisateurs de son site internet et de sa boutique en ligne, conform\u00e9ment au R\u00e8glement G\u00e9n\u00e9ral&hellip;&nbsp;<a href=\"https:\/\/casasebagos.pt\/index.php\/fr\/politica-de-privacidade-fr\/\" rel=\"bookmark\">Ler mais &raquo;<span class=\"screen-reader-text\">Politique de confidentialit\u00e9<\/span><\/a><\/p>\n","protected":false},"author":1,"featured_media":0,"parent":0,"menu_order":0,"comment_status":"closed","ping_status":"open","template":"","meta":{"bBlocksCursorData":"","neve_meta_sidebar":"","neve_meta_container":"","neve_meta_enable_content_width":"","neve_meta_content_width":0,"neve_meta_title_alignment":"","neve_meta_author_avatar":"","neve_post_elements_order":"","neve_meta_disable_header":"","neve_meta_disable_footer":"","neve_meta_disable_title":"","neve_meta_reading_time":"","footnotes":""},"class_list":["post-1163","page","type-page","status-publish","hentry"],"yoast_head":"<!-- This site is optimized with the Yoast SEO plugin v27.1.1 - https:\/\/yoast.com\/product\/yoast-seo-wordpress\/ -->\r\n<title>Politique de confidentialit\u00e9 - Casas e Bagos<\/title>\r\n<meta name=\"robots\" content=\"index, follow, max-snippet:-1, max-image-preview:large, max-video-preview:-1\" \/>\r\n<link rel=\"canonical\" href=\"https:\/\/casasebagos.pt\/index.php\/fr\/politica-de-privacidade-fr\/\" \/>\r\n<meta property=\"og:locale\" content=\"pt_PT\" \/>\r\n<meta property=\"og:type\" content=\"article\" \/>\r\n<meta property=\"og:title\" content=\"Politique de confidentialit\u00e9 - Casas e Bagos\" \/>\r\n<meta property=\"og:description\" content=\"POLITIQUE DE CONFIDENTIALIT\u00c9 La pr\u00e9sente Politique de confidentialit\u00e9 a \u00e9t\u00e9 mise \u00e0 jour pour la derni\u00e8re fois le 27\/01\/2026. La pr\u00e9sente Politique de confidentialit\u00e9 d\u00e9crit la mani\u00e8re dont Casas &amp; Bagos, Lda collecte, utilise et prot\u00e8ge les donn\u00e9es personnelles des utilisateurs de son site internet et de sa boutique en ligne, conform\u00e9ment au R\u00e8glement G\u00e9n\u00e9ral&hellip;&nbsp;Ler mais &raquo;Politique de confidentialit\u00e9\" \/>\r\n<meta property=\"og:url\" content=\"https:\/\/casasebagos.pt\/index.php\/fr\/politica-de-privacidade-fr\/\" \/>\r\n<meta property=\"og:site_name\" content=\"Casas e Bagos\" \/>\r\n<meta property=\"article:publisher\" content=\"https:\/\/www.facebook.com\/casasebagos\" \/>\r\n<meta property=\"article:modified_time\" content=\"2026-01-28T19:57:34+00:00\" \/>\r\n<meta name=\"twitter:card\" content=\"summary_large_image\" \/>\r\n<meta name=\"twitter:label1\" content=\"Tempo estimado de leitura\" \/>\n\t<meta name=\"twitter:data1\" content=\"3 minutos\" \/>\r\n<script type=\"application\/ld+json\" class=\"yoast-schema-graph\">{\"@context\":\"https:\/\/schema.org\",\"@graph\":[{\"@type\":\"WebPage\",\"@id\":\"https:\/\/casasebagos.pt\/index.php\/fr\/politica-de-privacidade-fr\/\",\"url\":\"https:\/\/casasebagos.pt\/index.php\/fr\/politica-de-privacidade-fr\/\",\"name\":\"Politique de confidentialit\u00e9 - Casas e Bagos\",\"isPartOf\":{\"@id\":\"https:\/\/casasebagos.pt\/#website\"},\"datePublished\":\"2023-08-13T10:41:40+00:00\",\"dateModified\":\"2026-01-28T19:57:34+00:00\",\"breadcrumb\":{\"@id\":\"https:\/\/casasebagos.pt\/index.php\/fr\/politica-de-privacidade-fr\/#breadcrumb\"},\"inLanguage\":\"pt-PT\",\"potentialAction\":[{\"@type\":\"ReadAction\",\"target\":[\"https:\/\/casasebagos.pt\/index.php\/fr\/politica-de-privacidade-fr\/\"]}]},{\"@type\":\"BreadcrumbList\",\"@id\":\"https:\/\/casasebagos.pt\/index.php\/fr\/politica-de-privacidade-fr\/#breadcrumb\",\"itemListElement\":[{\"@type\":\"ListItem\",\"position\":1,\"name\":\"In\u00edcio\",\"item\":\"https:\/\/casasebagos.pt\/index.php\/pt\/casasbagos\/\"},{\"@type\":\"ListItem\",\"position\":2,\"name\":\"Politique de confidentialit\u00e9\"}]},{\"@type\":\"WebSite\",\"@id\":\"https:\/\/casasebagos.pt\/#website\",\"url\":\"https:\/\/casasebagos.pt\/\",\"name\":\"Casas e Bagos\",\"description\":\"\",\"publisher\":{\"@id\":\"https:\/\/casasebagos.pt\/#organization\"},\"potentialAction\":[{\"@type\":\"SearchAction\",\"target\":{\"@type\":\"EntryPoint\",\"urlTemplate\":\"https:\/\/casasebagos.pt\/?s={search_term_string}\"},\"query-input\":{\"@type\":\"PropertyValueSpecification\",\"valueRequired\":true,\"valueName\":\"search_term_string\"}}],\"inLanguage\":\"pt-PT\"},{\"@type\":\"Organization\",\"@id\":\"https:\/\/casasebagos.pt\/#organization\",\"name\":\"Casas e Bagos\",\"url\":\"https:\/\/casasebagos.pt\/\",\"logo\":{\"@type\":\"ImageObject\",\"inLanguage\":\"pt-PT\",\"@id\":\"https:\/\/casasebagos.pt\/#\/schema\/logo\/image\/\",\"url\":\"https:\/\/i0.wp.com\/casasebagos.pt\/wp-content\/uploads\/2023\/01\/cropped-imagem3-04-1.png?fit=512%2C512&ssl=1\",\"contentUrl\":\"https:\/\/i0.wp.com\/casasebagos.pt\/wp-content\/uploads\/2023\/01\/cropped-imagem3-04-1.png?fit=512%2C512&ssl=1\",\"width\":512,\"height\":512,\"caption\":\"Casas e Bagos\"},\"image\":{\"@id\":\"https:\/\/casasebagos.pt\/#\/schema\/logo\/image\/\"},\"sameAs\":[\"https:\/\/www.facebook.com\/casasebagos\",\"https:\/\/www.instagram.com\/casasebagos\"]}]}<\/script>\r\n<!-- \/ Yoast SEO plugin. -->","yoast_head_json":{"title":"Politique de confidentialit\u00e9 - Casas e Bagos","robots":{"index":"index","follow":"follow","max-snippet":"max-snippet:-1","max-image-preview":"max-image-preview:large","max-video-preview":"max-video-preview:-1"},"canonical":"https:\/\/casasebagos.pt\/index.php\/fr\/politica-de-privacidade-fr\/","og_locale":"pt_PT","og_type":"article","og_title":"Politique de confidentialit\u00e9 - Casas e Bagos","og_description":"POLITIQUE DE CONFIDENTIALIT\u00c9 La pr\u00e9sente Politique de confidentialit\u00e9 a \u00e9t\u00e9 mise \u00e0 jour pour la derni\u00e8re fois le 27\/01\/2026. La pr\u00e9sente Politique de confidentialit\u00e9 d\u00e9crit la mani\u00e8re dont Casas &amp; Bagos, Lda collecte, utilise et prot\u00e8ge les donn\u00e9es personnelles des utilisateurs de son site internet et de sa boutique en ligne, conform\u00e9ment au R\u00e8glement G\u00e9n\u00e9ral&hellip;&nbsp;Ler mais &raquo;Politique de confidentialit\u00e9","og_url":"https:\/\/casasebagos.pt\/index.php\/fr\/politica-de-privacidade-fr\/","og_site_name":"Casas e Bagos","article_publisher":"https:\/\/www.facebook.com\/casasebagos","article_modified_time":"2026-01-28T19:57:34+00:00","twitter_card":"summary_large_image","twitter_misc":{"Tempo estimado de leitura":"3 minutos"},"schema":{"@context":"https:\/\/schema.org","@graph":[{"@type":"WebPage","@id":"https:\/\/casasebagos.pt\/index.php\/fr\/politica-de-privacidade-fr\/","url":"https:\/\/casasebagos.pt\/index.php\/fr\/politica-de-privacidade-fr\/","name":"Politique de confidentialit\u00e9 - Casas e Bagos","isPartOf":{"@id":"https:\/\/casasebagos.pt\/#website"},"datePublished":"2023-08-13T10:41:40+00:00","dateModified":"2026-01-28T19:57:34+00:00","breadcrumb":{"@id":"https:\/\/casasebagos.pt\/index.php\/fr\/politica-de-privacidade-fr\/#breadcrumb"},"inLanguage":"pt-PT","potentialAction":[{"@type":"ReadAction","target":["https:\/\/casasebagos.pt\/index.php\/fr\/politica-de-privacidade-fr\/"]}]},{"@type":"BreadcrumbList","@id":"https:\/\/casasebagos.pt\/index.php\/fr\/politica-de-privacidade-fr\/#breadcrumb","itemListElement":[{"@type":"ListItem","position":1,"name":"In\u00edcio","item":"https:\/\/casasebagos.pt\/index.php\/pt\/casasbagos\/"},{"@type":"ListItem","position":2,"name":"Politique de confidentialit\u00e9"}]},{"@type":"WebSite","@id":"https:\/\/casasebagos.pt\/#website","url":"https:\/\/casasebagos.pt\/","name":"Casas e Bagos","description":"","publisher":{"@id":"https:\/\/casasebagos.pt\/#organization"},"potentialAction":[{"@type":"SearchAction","target":{"@type":"EntryPoint","urlTemplate":"https:\/\/casasebagos.pt\/?s={search_term_string}"},"query-input":{"@type":"PropertyValueSpecification","valueRequired":true,"valueName":"search_term_string"}}],"inLanguage":"pt-PT"},{"@type":"Organization","@id":"https:\/\/casasebagos.pt\/#organization","name":"Casas e Bagos","url":"https:\/\/casasebagos.pt\/","logo":{"@type":"ImageObject","inLanguage":"pt-PT","@id":"https:\/\/casasebagos.pt\/#\/schema\/logo\/image\/","url":"https:\/\/i0.wp.com\/casasebagos.pt\/wp-content\/uploads\/2023\/01\/cropped-imagem3-04-1.png?fit=512%2C512&ssl=1","contentUrl":"https:\/\/i0.wp.com\/casasebagos.pt\/wp-content\/uploads\/2023\/01\/cropped-imagem3-04-1.png?fit=512%2C512&ssl=1","width":512,"height":512,"caption":"Casas e Bagos"},"image":{"@id":"https:\/\/casasebagos.pt\/#\/schema\/logo\/image\/"},"sameAs":["https:\/\/www.facebook.com\/casasebagos","https:\/\/www.instagram.com\/casasebagos"]}]}},"jetpack_sharing_enabled":false,"_links":{"self":[{"href":"https:\/\/casasebagos.pt\/index.php\/wp-json\/wp\/v2\/pages\/1163","targetHints":{"allow":["GET"]}}],"collection":[{"href":"https:\/\/casasebagos.pt\/index.php\/wp-json\/wp\/v2\/pages"}],"about":[{"href":"https:\/\/casasebagos.pt\/index.php\/wp-json\/wp\/v2\/types\/page"}],"author":[{"embeddable":true,"href":"https:\/\/casasebagos.pt\/index.php\/wp-json\/wp\/v2\/users\/1"}],"replies":[{"embeddable":true,"href":"https:\/\/casasebagos.pt\/index.php\/wp-json\/wp\/v2\/comments?post=1163"}],"version-history":[{"count":3,"href":"https:\/\/casasebagos.pt\/index.php\/wp-json\/wp\/v2\/pages\/1163\/revisions"}],"predecessor-version":[{"id":1694,"href":"https:\/\/casasebagos.pt\/index.php\/wp-json\/wp\/v2\/pages\/1163\/revisions\/1694"}],"wp:attachment":[{"href":"https:\/\/casasebagos.pt\/index.php\/wp-json\/wp\/v2\/media?parent=1163"}],"curies":[{"name":"wp","href":"https:\/\/api.w.org\/{rel}","templated":true}]}}